{"id":15,"date":"2016-05-11T23:08:05","date_gmt":"2016-05-11T23:08:05","guid":{"rendered":"http:\/\/ukglubczyce.pl\/?page_id=15"},"modified":"2020-02-18T11:52:46","modified_gmt":"2020-02-18T11:52:46","slug":"kontakt","status":"publish","type":"page","link":"https:\/\/ukglubczyce.pl\/?page_id=15","title":{"rendered":"Kontakt"},"content":{"rendered":"<h3 style=\"text-align: center;\"><strong>US\u0141UGI KOMUNALNE<\/strong><\/h3>\n<p style=\"text-align: center;\"><strong>SP\u00d3\u0141KA Z O.O.<\/strong><\/p>\n<p style=\"text-align: center;\">Siedziba Sp\u00f3\u0142ki: ul. Pocztowa 8<br \/>\nKod Pocztowy: 48-100<br \/>\nMiasto: G\u0142ubczyce<br \/>\nWojew\u00f3dztwo: opolskie<br \/>\ntel. 77 485 64 94 \/\u00a0fax 77 485 22 69<br \/>\ne-mail: <a href=\"mailto:sekretariat@ukglubczyce.pl\">sekretariat@ukglubczyce.pl<\/a><\/p>\n<hr \/>\n<p style=\"text-align: center;\"><strong>SK\u0141ADOWISKO<\/strong><br \/>\nul. Ro\u017cnowska<br \/>\ntel. 77 485 64 95<\/p>\n<hr \/>\n<p style=\"text-align: center;\"><strong>LAS KOMUNALNY<\/strong><br \/>\ntel. 606 308 711<\/p>\n<hr \/>\n<p style=\"text-align: center;\"><strong>ORW PIETROWICE<\/strong><br \/>\ntel. 77 485 76 81<\/p>\n<hr \/>\n<p style=\"text-align: center;\"><strong>CMENTARZ<\/strong><br \/>\nmail: cmentarz@ukglubczyce.pl<br \/>\ntelefon: 77\u00a0407 19 97<\/p>\n","protected":false},"excerpt":{"rendered":"<p>US\u0141UGI KOMUNALNE SP\u00d3\u0141KA Z O.O. Siedziba Sp\u00f3\u0142ki: ul. Pocztowa 8 Kod Pocztowy: 48-100 Miasto: G\u0142ubczyce Wojew\u00f3dztwo: opolskie tel. 77 485 64 94 \/\u00a0fax 77 485 22 69 e-mail: sekretariat@ukglubczyce.pl SK\u0141ADOWISKO ul. Ro\u017cnowska tel. 77 485 64 95 LAS KOMUNALNY tel. 606 308 711 ORW PIETROWICE tel. 77 485 76 81 CMENTARZ mail: cmentarz@ukglubczyce.pl telefon: 77\u00a0407&#8230;<\/p>\n","protected":false},"author":1,"featured_media":0,"parent":0,"menu_order":0,"comment_status":"closed","ping_status":"closed","template":"","meta":{"jetpack_post_was_ever_published":false,"footnotes":""},"jetpack_sharing_enabled":true,"jetpack_shortlink":"https:\/\/wp.me\/P7wYTQ-f","_links":{"self":[{"href":"https:\/\/ukglubczyce.pl\/index.php?rest_route=\/wp\/v2\/pages\/15"}],"collection":[{"href":"https:\/\/ukglubczyce.pl\/index.php?rest_route=\/wp\/v2\/pages"}],"about":[{"href":"https:\/\/ukglubczyce.pl\/index.php?rest_route=\/wp\/v2\/types\/page"}],"author":[{"embeddable":true,"href":"https:\/\/ukglubczyce.pl\/index.php?rest_route=\/wp\/v2\/users\/1"}],"replies":[{"embeddable":true,"href":"https:\/\/ukglubczyce.pl\/index.php?rest_route=%2Fwp%2Fv2%2Fcomments&post=15"}],"version-history":[{"count":11,"href":"https:\/\/ukglubczyce.pl\/index.php?rest_route=\/wp\/v2\/pages\/15\/revisions"}],"predecessor-version":[{"id":475,"href":"https:\/\/ukglubczyce.pl\/index.php?rest_route=\/wp\/v2\/pages\/15\/revisions\/475"}],"wp:attachment":[{"href":"https:\/\/ukglubczyce.pl\/index.php?rest_route=%2Fwp%2Fv2%2Fmedia&parent=15"}],"curies":[{"name":"wp","href":"https:\/\/api.w.org\/{rel}","templated":true}]}}