{"id":235,"date":"2016-07-07T06:38:53","date_gmt":"2016-07-07T06:38:53","guid":{"rendered":"http:\/\/ukglubczyce.pl\/?page_id=235"},"modified":"2018-11-08T10:46:20","modified_gmt":"2018-11-08T10:46:20","slug":"pozostale","status":"publish","type":"page","link":"https:\/\/ukglubczyce.pl\/?page_id=235","title":{"rendered":"Pozosta\u0142e"},"content":{"rendered":"<p><strong>Roboty drogowe, takie jak:\u00a0<\/strong><\/p>\n<ul>\n<li>remonty dr\u00f3g cz\u0105stkowe i ca\u0142o\u015bciowe<!--more--><\/li>\n<li>wykonywanie kompleksowe chodnik\u00f3w, parking\u00f3w, plac\u00f3w itp. z kostki brukowej wraz z podbudow\u0105<\/li>\n<li>konserwacja i naprawa ma\u0142ej architektury<\/li>\n<\/ul>\n","protected":false},"excerpt":{"rendered":"<p>Roboty drogowe, takie jak:\u00a0 remonty dr\u00f3g cz\u0105stkowe i ca\u0142o\u015bciowe<\/p>\n","protected":false},"author":1,"featured_media":359,"parent":0,"menu_order":0,"comment_status":"closed","ping_status":"closed","template":"","meta":{"jetpack_post_was_ever_published":false,"footnotes":""},"jetpack_sharing_enabled":true,"jetpack_shortlink":"https:\/\/wp.me\/P7wYTQ-3N","_links":{"self":[{"href":"https:\/\/ukglubczyce.pl\/index.php?rest_route=\/wp\/v2\/pages\/235"}],"collection":[{"href":"https:\/\/ukglubczyce.pl\/index.php?rest_route=\/wp\/v2\/pages"}],"about":[{"href":"https:\/\/ukglubczyce.pl\/index.php?rest_route=\/wp\/v2\/types\/page"}],"author":[{"embeddable":true,"href":"https:\/\/ukglubczyce.pl\/index.php?rest_route=\/wp\/v2\/users\/1"}],"replies":[{"embeddable":true,"href":"https:\/\/ukglubczyce.pl\/index.php?rest_route=%2Fwp%2Fv2%2Fcomments&post=235"}],"version-history":[{"count":6,"href":"https:\/\/ukglubczyce.pl\/index.php?rest_route=\/wp\/v2\/pages\/235\/revisions"}],"predecessor-version":[{"id":413,"href":"https:\/\/ukglubczyce.pl\/index.php?rest_route=\/wp\/v2\/pages\/235\/revisions\/413"}],"wp:featuredmedia":[{"embeddable":true,"href":"https:\/\/ukglubczyce.pl\/index.php?rest_route=\/wp\/v2\/media\/359"}],"wp:attachment":[{"href":"https:\/\/ukglubczyce.pl\/index.php?rest_route=%2Fwp%2Fv2%2Fmedia&parent=235"}],"curies":[{"name":"wp","href":"https:\/\/api.w.org\/{rel}","templated":true}]}}