{"id":61,"date":"2016-06-30T22:20:07","date_gmt":"2016-06-30T22:20:07","guid":{"rendered":"http:\/\/ukglubczyce.pl\/?page_id=61"},"modified":"2016-12-28T19:20:27","modified_gmt":"2016-12-28T19:20:27","slug":"pszok","status":"publish","type":"page","link":"https:\/\/ukglubczyce.pl\/?page_id=61","title":{"rendered":"PSZOK"},"content":{"rendered":"<h3>Idea Punktu Selektywnej Zbi\u00f3rki Odpad\u00f3w Komunalnych<\/h3>\n<p><!--more--><\/p>\n<hr \/>\n<h4>Przetwarzanie powi\u0105zane z konsumpcj\u0105 zawsze towarzyszy\u0142o cz\u0142owiekowi. Produktem ubocznym \u017cycia w skupiskach ludzkich by\u0142y i s\u0105 odpadki, z kt\u00f3rymi nale\u017cy odpowiednio post\u0119powa\u0107.<\/h4>\n<p>Stworzenie Punktu Selektywnej Zbi\u00f3rki Odpad\u00f3w Komunalnych jest wyj\u015bciem naprzeciw tej potrzebie. PSZOK centralizuje a tym samym porz\u0105dkuje i upraszcza spos\u00f3b utylizacji tego, co jest k\u0142opotliwe a co pozostaje pozornie &#8222;bezu\u017cyteczne&#8221;.<\/p>\n<p>Przypominamy i zach\u0119camy do korzystania z PSZOK&#8217;u.<\/p>\n<p>&nbsp;<\/p>\n","protected":false},"excerpt":{"rendered":"<p>Idea Punktu Selektywnej Zbi\u00f3rki Odpad\u00f3w Komunalnych<\/p>\n","protected":false},"author":1,"featured_media":356,"parent":0,"menu_order":0,"comment_status":"closed","ping_status":"closed","template":"","meta":{"jetpack_post_was_ever_published":false,"footnotes":""},"jetpack_sharing_enabled":true,"jetpack_shortlink":"https:\/\/wp.me\/P7wYTQ-Z","_links":{"self":[{"href":"https:\/\/ukglubczyce.pl\/index.php?rest_route=\/wp\/v2\/pages\/61"}],"collection":[{"href":"https:\/\/ukglubczyce.pl\/index.php?rest_route=\/wp\/v2\/pages"}],"about":[{"href":"https:\/\/ukglubczyce.pl\/index.php?rest_route=\/wp\/v2\/types\/page"}],"author":[{"embeddable":true,"href":"https:\/\/ukglubczyce.pl\/index.php?rest_route=\/wp\/v2\/users\/1"}],"replies":[{"embeddable":true,"href":"https:\/\/ukglubczyce.pl\/index.php?rest_route=%2Fwp%2Fv2%2Fcomments&post=61"}],"version-history":[{"count":9,"href":"https:\/\/ukglubczyce.pl\/index.php?rest_route=\/wp\/v2\/pages\/61\/revisions"}],"predecessor-version":[{"id":251,"href":"https:\/\/ukglubczyce.pl\/index.php?rest_route=\/wp\/v2\/pages\/61\/revisions\/251"}],"wp:featuredmedia":[{"embeddable":true,"href":"https:\/\/ukglubczyce.pl\/index.php?rest_route=\/wp\/v2\/media\/356"}],"wp:attachment":[{"href":"https:\/\/ukglubczyce.pl\/index.php?rest_route=%2Fwp%2Fv2%2Fmedia&parent=61"}],"curies":[{"name":"wp","href":"https:\/\/api.w.org\/{rel}","templated":true}]}}