{"id":67,"date":"2016-06-30T22:24:15","date_gmt":"2016-06-30T22:24:15","guid":{"rendered":"http:\/\/ukglubczyce.pl\/?page_id=67"},"modified":"2016-12-28T19:22:27","modified_gmt":"2016-12-28T19:22:27","slug":"oczystka","status":"publish","type":"page","link":"https:\/\/ukglubczyce.pl\/?page_id=67","title":{"rendered":"Oczystka"},"content":{"rendered":"<h3><strong>Sp\u00f3\u0142ka pracuje nad utrzymaniem czysto\u015bci i porz\u0105dku na terenie miasta<\/strong><\/h3>\n<p><!--more--><\/p>\n<hr \/>\n<h4>Sprz\u0105tamy r\u0119cznie i mechanicznie &#8211; ulice, chodniki, skwery, parki.<\/h4>\n<p>Prowadzimy r\u00f3wnie\u017c zimowe utrzymania dr\u00f3g gminnych, parking\u00f3w i chodnik\u00f3w (usuwanie \u015bniegu i lodu, zapobieganie i zwalczanie \u015blisko\u015bci zimowej).<\/p>\n<p>Us\u0142ugi takie, Sp\u00f3\u0142ka \u015bwiadczy r\u00f3wnie\u017c na zlecenie os\u00f3b prywatnych i firm.<\/p>\n","protected":false},"excerpt":{"rendered":"<p>Sp\u00f3\u0142ka pracuje nad utrzymaniem czysto\u015bci i porz\u0105dku na terenie miasta<\/p>\n","protected":false},"author":1,"featured_media":358,"parent":0,"menu_order":0,"comment_status":"closed","ping_status":"closed","template":"","meta":{"jetpack_post_was_ever_published":false,"footnotes":""},"jetpack_sharing_enabled":true,"jetpack_shortlink":"https:\/\/wp.me\/P7wYTQ-15","_links":{"self":[{"href":"https:\/\/ukglubczyce.pl\/index.php?rest_route=\/wp\/v2\/pages\/67"}],"collection":[{"href":"https:\/\/ukglubczyce.pl\/index.php?rest_route=\/wp\/v2\/pages"}],"about":[{"href":"https:\/\/ukglubczyce.pl\/index.php?rest_route=\/wp\/v2\/types\/page"}],"author":[{"embeddable":true,"href":"https:\/\/ukglubczyce.pl\/index.php?rest_route=\/wp\/v2\/users\/1"}],"replies":[{"embeddable":true,"href":"https:\/\/ukglubczyce.pl\/index.php?rest_route=%2Fwp%2Fv2%2Fcomments&post=67"}],"version-history":[{"count":9,"href":"https:\/\/ukglubczyce.pl\/index.php?rest_route=\/wp\/v2\/pages\/67\/revisions"}],"predecessor-version":[{"id":345,"href":"https:\/\/ukglubczyce.pl\/index.php?rest_route=\/wp\/v2\/pages\/67\/revisions\/345"}],"wp:featuredmedia":[{"embeddable":true,"href":"https:\/\/ukglubczyce.pl\/index.php?rest_route=\/wp\/v2\/media\/358"}],"wp:attachment":[{"href":"https:\/\/ukglubczyce.pl\/index.php?rest_route=%2Fwp%2Fv2%2Fmedia&parent=67"}],"curies":[{"name":"wp","href":"https:\/\/api.w.org\/{rel}","templated":true}]}}