{"id":7,"date":"2016-05-11T23:07:11","date_gmt":"2016-05-11T23:07:11","guid":{"rendered":"http:\/\/ukglubczyce.pl\/?page_id=7"},"modified":"2024-07-21T13:47:44","modified_gmt":"2024-07-21T13:47:44","slug":"o-nas","status":"publish","type":"page","link":"https:\/\/ukglubczyce.pl\/?page_id=7","title":{"rendered":"O nas"},"content":{"rendered":"<div id=\"pl-7\"  class=\"panel-layout\" ><div id=\"pg-7-0\"  class=\"panel-grid panel-no-style\" ><div id=\"pgc-7-0-0\"  class=\"panel-grid-cell\" ><div id=\"panel-7-0-0-0\" class=\"so-panel widget widget_sow-image panel-first-child\" data-index=\"0\" ><div\n\t\t\t\n\t\t\tclass=\"so-widget-sow-image so-widget-sow-image-default-8b5b6f678277-7\"\n\t\t\t\n\t\t>\n\n<div class=\"sow-image-container\">\n\t\t<img src=\"https:\/\/i0.wp.com\/ukglubczyce.pl\/wp-content\/uploads\/2016\/07\/banner8.jpg?fit=1900%2C600&amp;ssl=1\" width=\"1900\" height=\"600\" srcset=\"https:\/\/i0.wp.com\/ukglubczyce.pl\/wp-content\/uploads\/2016\/07\/banner8.jpg?w=1900&amp;ssl=1 1900w, https:\/\/i0.wp.com\/ukglubczyce.pl\/wp-content\/uploads\/2016\/07\/banner8.jpg?resize=300%2C95&amp;ssl=1 300w, https:\/\/i0.wp.com\/ukglubczyce.pl\/wp-content\/uploads\/2016\/07\/banner8.jpg?resize=768%2C243&amp;ssl=1 768w, https:\/\/i0.wp.com\/ukglubczyce.pl\/wp-content\/uploads\/2016\/07\/banner8.jpg?resize=1024%2C323&amp;ssl=1 1024w, https:\/\/i0.wp.com\/ukglubczyce.pl\/wp-content\/uploads\/2016\/07\/banner8.jpg?w=1280&amp;ssl=1 1280w\" alt=\"\" loading=\"lazy\" \t\tclass=\"so-widget-image\"\/>\n\t<\/div>\n\n<\/div><\/div><div id=\"panel-7-0-0-1\" class=\"so-panel widget widget_sow-editor panel-last-child\" data-index=\"1\" ><div\n\t\t\t\n\t\t\tclass=\"so-widget-sow-editor so-widget-sow-editor-base\"\n\t\t\t\n\t\t>\n<div class=\"siteorigin-widget-tinymce textwidget\">\n\t<h3><strong>Zakres dzia\u0142alno\u015bci<\/strong><\/h3>\n<hr \/>\n<p>Obszarem dzia\u0142alno\u015bci Sp\u00f3\u0142ki jest szeroki zakres us\u0142ug, w szczeg\u00f3lno\u015bci komunalnych.<\/p>\n<h4 style=\"text-align: center;\"><strong>Odbi\u00f3r, transport i zagospodarowanie odpad\u00f3w komunalnych z gminy G\u0142ubczyce<\/strong><\/h4>\n<ul>\n<li>Sp\u00f3\u0142ka odbiera odpady komunalne z gospodarstw domowych, firm i instytucji,<\/li>\n<li>Prowadzi Punkt Selektywnej Zbi\u00f3rki Odpad\u00f3w Komunalnych,<\/li>\n<li>Posiada w\u0142asne sk\u0142adowisko.<\/li>\n<\/ul>\n<h3><\/h3>\n<h4 style=\"text-align: center;\"><strong>Sp\u00f3\u0142ka zajmuje si\u0119 zak\u0142adaniem i kompleksowym utrzymaniem teren\u00f3w zieleni miejskiej.<\/strong><\/h4>\n<p>Nasadzenia sezonowe i wieloletnie; zak\u0142adanie, renowacja, nawo\u017cenie i \u00a0aeracja trawnik\u00f3w; formowanie, odm\u0142adzanie i uzupe\u0142nianie \u017cywop\u0142ot\u00f3w; ca\u0142oroczna piel\u0119gnacja drzew i krzew\u00f3w, wycinka drzew zieleni miejskiej i przyulicznej.<\/p>\n<p>Utrzymuje r\u00f3wnie\u017c bie\u017c\u0105c\u0105 czysto\u015b\u0107 i porz\u0105dek w parkach i na terenach zieleni miejskiej.<\/p>\n<h4 style=\"text-align: center;\"><strong>Oczystka<\/strong><\/h4>\n<p>Sp\u00f3\u0142ka pracuje nad utrzymaniem czysto\u015bci i porz\u0105dku na terenie miasta, (sprz\u0105tanie r\u0119czne i mechaniczne) ulic, chodnik\u00f3w, skwer\u00f3w, park\u00f3w. Prowadzi r\u00f3wnie\u017c zimowe utrzymania dr\u00f3g gminnych, parking\u00f3w i chodnik\u00f3w (usuwanie \u015bniegu i lodu, zapobieganie i zwalczanie \u015blisko\u015bci zimowej).<br \/>\nUs\u0142ugi takie, Sp\u00f3\u0142ka \u015bwiadczy r\u00f3wnie\u017c na zlecenie os\u00f3b prywatnych i firm.<\/p>\n<h4 style=\"text-align: center;\"><strong>Pozosta\u0142e us\u0142ugi<\/strong><\/h4>\n<p><strong>Roboty drogowe, takie jak:\u00a0<\/strong><\/p>\n<ul>\n<li>remonty dr\u00f3g cz\u0105stkowe i ca\u0142o\u015bciowe<\/li>\n<li>wykonywanie kompleksowe chodnik\u00f3w, parking\u00f3w, plac\u00f3w itp. z kostki brukowej wraz z podbudow\u0105<\/li>\n<li>konserwacja i naprawa ma\u0142ej architektury<\/li>\n<\/ul>\n<p><strong>Us\u0142ugi uprz\u0105tni\u0119cia nagrobk\u00f3w<\/strong><\/p>\n<ul>\n<li>Sp\u00f3\u0142ka na zlecenie \u015bwiadczy us\u0142ugi uprz\u0105tni\u0119cia nagrobk\u00f3w. Us\u0142uga wykonywana jest w systemie jednorazowym b\u0105d\u017a wielokrotnym. Wykonanie us\u0142ugi potwierdzamy dokumentacj\u0105 fotograficzn\u0105 przesy\u0142an\u0105 na wskazany adres e-mail.<\/li>\n<\/ul>\n<hr \/>\n<h3 style=\"text-align: center;\"><strong>DANE SP\u00d3\u0141KI:<\/strong><\/h3>\n<p style=\"text-align: center;\"><strong>US\u0141UGI KOMUNALNE SP\u00d3\u0141KA Z O.O.<br \/>\n<\/strong>ul. Pocztowa 8, 48-100 G\u0142ubczyce<br \/>\ntel.\/fax 77 485 22 69, 77 485 64 94<br \/>\nPL NIP 7481002653, REGON 530978362, KRS 0000133668<\/p>\n<hr \/>\n<h3 style=\"text-align: center;\"><strong>W\u0141ADZE SP\u00d3\u0141KI:<\/strong><\/h3>\n<p style=\"text-align: center;\">ZGROMADZENIE WSP\u00d3LNIK\u00d3W<br \/>\nRADA NADZORCZA<br \/>\nZARZ\u0104D<\/p>\n<hr \/>\n<h3 style=\"text-align: center;\"><strong>ZARZ\u0104D I KIEROWNICTWO SP\u00d3\u0141KI:<\/strong><\/h3>\n<p style=\"text-align: center;\">PREZES: <strong>Jan \u015anie\u017cek<\/strong><br \/>\nG\u0141\u00d3WNY KSI\u0118GOWY, PROKURENT: <strong>Lidia Leli\u0144ska<\/strong><\/p>\n<\/div>\n<\/div><\/div><\/div><\/div><\/div>","protected":false},"excerpt":{"rendered":"<p>Zakres dzia\u0142alno\u015bci Obszarem dzia\u0142alno\u015bci Sp\u00f3\u0142ki jest szeroki zakres us\u0142ug, w szczeg\u00f3lno\u015bci komunalnych. Odbi\u00f3r, transport i zagospodarowanie odpad\u00f3w komunalnych z gminy G\u0142ubczyce Sp\u00f3\u0142ka odbiera odpady komunalne z gospodarstw domowych, firm i instytucji, Prowadzi Punkt Selektywnej Zbi\u00f3rki Odpad\u00f3w Komunalnych, Posiada w\u0142asne sk\u0142adowisko. Sp\u00f3\u0142ka zajmuje si\u0119 zak\u0142adaniem i kompleksowym utrzymaniem teren\u00f3w zieleni miejskiej. Nasadzenia sezonowe i wieloletnie; zak\u0142adanie,&#8230;<\/p>\n","protected":false},"author":1,"featured_media":0,"parent":0,"menu_order":0,"comment_status":"closed","ping_status":"closed","template":"","meta":{"jetpack_post_was_ever_published":false,"footnotes":""},"jetpack_sharing_enabled":true,"jetpack_shortlink":"https:\/\/wp.me\/P7wYTQ-7","_links":{"self":[{"href":"https:\/\/ukglubczyce.pl\/index.php?rest_route=\/wp\/v2\/pages\/7"}],"collection":[{"href":"https:\/\/ukglubczyce.pl\/index.php?rest_route=\/wp\/v2\/pages"}],"about":[{"href":"https:\/\/ukglubczyce.pl\/index.php?rest_route=\/wp\/v2\/types\/page"}],"author":[{"embeddable":true,"href":"https:\/\/ukglubczyce.pl\/index.php?rest_route=\/wp\/v2\/users\/1"}],"replies":[{"embeddable":true,"href":"https:\/\/ukglubczyce.pl\/index.php?rest_route=%2Fwp%2Fv2%2Fcomments&post=7"}],"version-history":[{"count":29,"href":"https:\/\/ukglubczyce.pl\/index.php?rest_route=\/wp\/v2\/pages\/7\/revisions"}],"predecessor-version":[{"id":1021,"href":"https:\/\/ukglubczyce.pl\/index.php?rest_route=\/wp\/v2\/pages\/7\/revisions\/1021"}],"wp:attachment":[{"href":"https:\/\/ukglubczyce.pl\/index.php?rest_route=%2Fwp%2Fv2%2Fmedia&parent=7"}],"curies":[{"name":"wp","href":"https:\/\/api.w.org\/{rel}","templated":true}]}}