{"id":93,"date":"2016-06-30T23:59:15","date_gmt":"2016-06-30T23:59:15","guid":{"rendered":"http:\/\/ukglubczyce.pl\/?page_id=93"},"modified":"2016-12-28T17:53:54","modified_gmt":"2016-12-28T17:53:54","slug":"las-marysienka","status":"publish","type":"page","link":"https:\/\/ukglubczyce.pl\/?page_id=93","title":{"rendered":"Las Marysie\u0144ka"},"content":{"rendered":"<h3>Las G\u0142ubczycki znajduje si\u0119 na p\u00f3\u0142noc od miasta G\u0142ubczyce i ma powierzchni\u0119 1597,5 ha. W\u00a0Lesie G\u0142ubczyckim, w pobli\u017cu wioski Lwowiany ma \u017ar\u00f3d\u0142o rzeka Stradunia<\/h3>\n<hr \/>\n<p>Wyst\u0119puje tu w warunkach naturalnych wiele gatunk\u00f3w drzew, zar\u00f3wno iglastych jak i li\u015bciastych (takich jak lipy, graby, d\u0119by w wieku 120-145 lat), ca\u0142a r\u00f3\u017cnorodno\u015b\u0107 bylin, takich jak np. wawrzynek wilcze\u0142yko, pierwiosnek wynios\u0142y, lilia z\u0142otog\u0142\u00f3w, jaskier kaszubski, zawilec \u017c\u00f3\u0142ty czy bluszcz pospolity. Co si\u0119 tyczy zwierz\u0105t, mo\u017cna spotka\u0107 wiele gatunk\u00f3w ptak\u00f3w (np. parusy z rodziny sikor, dzi\u0119cio\u0142y, w 1998 roku w lesie gnie\u017adzi\u0142 rar\u00f3g), ale tak\u017ce p\u0142az\u00f3w, gad\u00f3w i\u00a0ssak\u00f3w. Las G\u0142ubczycki jest idealny dla cel\u00f3w turystycznych i rekreacyjnych.<\/p>\n<p>Las G\u0142ubczycki \u0142\u0105czy z miastem trzyrz\u0119dowa Aleja Lipowa, b\u0119d\u0105ca pomnikiem przyrody.<\/p>\n<p>G\u0142ubczyce otrzyma\u0142y las na w\u0142asno\u015b\u0107 w 1265 roku od kr\u00f3la Przemys\u0142a Ottokara II. Mia\u0142 on w\u00f3wczas 20 \u0142an\u00f3w i zwano go \u201eopawskim\u201c (Tropowitz), od rzeki Opawy. Od czas\u00f3w \u015bredniowiecza nazywano go Lasem Bukowym. W okresie kolonizacyjnym zosta\u0142 znacznie przetrzebiony, a w 1903 roku zosta\u0142a uruchomiona w lesie stacja kolejowa G\u0142ubczyce-Las. By\u0142 popularnym miejscem wypoczynkowym G\u00f3rno\u015bl\u0105zak\u00f3w, kt\u00f3rzy zatrzymywali si\u0119 w gospodzie le\u015bnej \u201eMarysie\u0144ka\u201c b\u0105d\u017a w restauracji \u201eWilczy staw\u201c. W latach 50. XX wieku cz\u0119\u015b\u0107 lasu miejskiego w\u0142\u0105czono do las\u00f3w Nadle\u015bnictwa Prudnik.<\/p>\n<p>Las G\u0142ubczycki uchodzi\u0142 w XVI w. za nocny azyl czarownic, a g\u0142\u00f3wna droga przecinaj\u0105ca las zyska\u0142a w\u00f3wczas miano Drogi Brz\u00f3z Czarownic.<\/p>\n<p style=\"text-align: right;\"><strong>Za:\u00a0silesiatourism.com<\/strong><\/p>\n","protected":false},"excerpt":{"rendered":"<p>Las G\u0142ubczycki znajduje si\u0119 na p\u00f3\u0142noc od miasta G\u0142ubczyce i ma powierzchni\u0119 1597,5 ha. W\u00a0Lesie G\u0142ubczyckim, w pobli\u017cu wioski Lwowiany ma \u017ar\u00f3d\u0142o rzeka Stradunia Wyst\u0119puje tu w warunkach naturalnych wiele gatunk\u00f3w drzew, zar\u00f3wno iglastych jak i li\u015bciastych (takich jak lipy, graby, d\u0119by w wieku 120-145 lat), ca\u0142a r\u00f3\u017cnorodno\u015b\u0107 bylin, takich jak np. wawrzynek wilcze\u0142yko, pierwiosnek&#8230;<\/p>\n","protected":false},"author":1,"featured_media":0,"parent":7,"menu_order":0,"comment_status":"closed","ping_status":"closed","template":"","meta":{"jetpack_post_was_ever_published":false,"footnotes":""},"jetpack_sharing_enabled":true,"jetpack_shortlink":"https:\/\/wp.me\/P7wYTQ-1v","_links":{"self":[{"href":"https:\/\/ukglubczyce.pl\/index.php?rest_route=\/wp\/v2\/pages\/93"}],"collection":[{"href":"https:\/\/ukglubczyce.pl\/index.php?rest_route=\/wp\/v2\/pages"}],"about":[{"href":"https:\/\/ukglubczyce.pl\/index.php?rest_route=\/wp\/v2\/types\/page"}],"author":[{"embeddable":true,"href":"https:\/\/ukglubczyce.pl\/index.php?rest_route=\/wp\/v2\/users\/1"}],"replies":[{"embeddable":true,"href":"https:\/\/ukglubczyce.pl\/index.php?rest_route=%2Fwp%2Fv2%2Fcomments&post=93"}],"version-history":[{"count":4,"href":"https:\/\/ukglubczyce.pl\/index.php?rest_route=\/wp\/v2\/pages\/93\/revisions"}],"predecessor-version":[{"id":323,"href":"https:\/\/ukglubczyce.pl\/index.php?rest_route=\/wp\/v2\/pages\/93\/revisions\/323"}],"up":[{"embeddable":true,"href":"https:\/\/ukglubczyce.pl\/index.php?rest_route=\/wp\/v2\/pages\/7"}],"wp:attachment":[{"href":"https:\/\/ukglubczyce.pl\/index.php?rest_route=%2Fwp%2Fv2%2Fmedia&parent=93"}],"curies":[{"name":"wp","href":"https:\/\/api.w.org\/{rel}","templated":true}]}}