{"id":96,"date":"2016-07-01T00:12:49","date_gmt":"2016-07-01T00:12:49","guid":{"rendered":"http:\/\/ukglubczyce.pl\/?page_id=96"},"modified":"2016-12-28T18:43:55","modified_gmt":"2016-12-28T18:43:55","slug":"rodzaje-smieci","status":"publish","type":"page","link":"https:\/\/ukglubczyce.pl\/?page_id=96","title":{"rendered":"Rodzaje \u015bmieci"},"content":{"rendered":"<div id=\"pl-96\"  class=\"panel-layout\"><div id=\"pg-96-0\"  class=\"panel-grid panel-has-style\"><div class=\"panel-row-style panel-row-style-for-96-0\"><div id=\"pgc-96-0-0\"  class=\"panel-grid-cell\"><div id=\"panel-96-0-0-0\" class=\"so-panel widget widget_sow-image panel-first-child\" data-index=\"0\"><div\n\t\t\t\n\t\t\tclass=\"so-widget-sow-image so-widget-sow-image-default-dbf295114b96-96\">\n\n<div class=\"sow-image-container\">\n\t\t<img src=\"https:\/\/i0.wp.com\/ukglubczyce.pl\/wp-content\/uploads\/2016\/07\/banner5.jpg?fit=1900%2C600&amp;ssl=1\" width=\"1900\" height=\"600\" srcset=\"https:\/\/i0.wp.com\/ukglubczyce.pl\/wp-content\/uploads\/2016\/07\/banner5.jpg?w=1900&amp;ssl=1 1900w, https:\/\/i0.wp.com\/ukglubczyce.pl\/wp-content\/uploads\/2016\/07\/banner5.jpg?resize=300%2C95&amp;ssl=1 300w, https:\/\/i0.wp.com\/ukglubczyce.pl\/wp-content\/uploads\/2016\/07\/banner5.jpg?resize=768%2C243&amp;ssl=1 768w, https:\/\/i0.wp.com\/ukglubczyce.pl\/wp-content\/uploads\/2016\/07\/banner5.jpg?resize=1024%2C323&amp;ssl=1 1024w, https:\/\/i0.wp.com\/ukglubczyce.pl\/wp-content\/uploads\/2016\/07\/banner5.jpg?w=1280&amp;ssl=1 1280w\" alt=\"\" loading=\"lazy\" \t\tclass=\"so-widget-image\"\/>\n\t<\/div>\n\n<\/div><\/div><div id=\"panel-96-0-0-1\" class=\"so-panel widget widget_sow-editor panel-last-child\" data-index=\"1\"><div class=\"panel-widget-style panel-widget-style-for-96-0-0-1\"><div\n\t\t\t\n\t\t\tclass=\"so-widget-sow-editor so-widget-sow-editor-base\">\n<div class=\"siteorigin-widget-tinymce textwidget\">\n\t<h3>W Punkcie Selektywnej Zbi\u00f3rki Odpad\u00f3w Komunalnych przyjmujemy wst\u0119pnie posegregowane odpady<\/h3>\n<p><\/p><\/div><\/div><\/div><\/div><\/div><\/div><\/div><\/div><p> <a href=\"https:\/\/ukglubczyce.pl\/?page_id=96#more-96\" class=\"more-link\">Read More<\/a><\/p>","protected":false},"excerpt":{"rendered":"<p>W Punkcie Selektywnej Zbi\u00f3rki Odpad\u00f3w Komunalnych przyjmujemy wst\u0119pnie posegregowane odpadyPami\u0119tajmy o zasadach jakimi nale\u017cy si\u0119 kierowa\u0107 przy segregacji odpad\u00f3w. Poni\u017cej mo\u017cna przeczyta\u0107 kilka pomocnych wskaz\u00f3wek.Segregacja:papier, makulatura &#8211; worek, pojemnik niebieski -gazety, czasopisma, katalogi, foldery, zeszyty, ksi\u0105\u017cki, papier biurowy, kartony. Do papieru nie wrzucamy papieru zat\u0142uszczonego np. papier \u015bniadaniowy zat\u0142uszczony mas\u0142em, u\u017cyty papier do pieczenia ciast&#8230;.<\/p>\n","protected":false},"author":1,"featured_media":215,"parent":61,"menu_order":0,"comment_status":"closed","ping_status":"closed","template":"","meta":{"jetpack_post_was_ever_published":false,"footnotes":""},"jetpack_sharing_enabled":true,"jetpack_shortlink":"https:\/\/wp.me\/P7wYTQ-1y","_links":{"self":[{"href":"https:\/\/ukglubczyce.pl\/index.php?rest_route=\/wp\/v2\/pages\/96"}],"collection":[{"href":"https:\/\/ukglubczyce.pl\/index.php?rest_route=\/wp\/v2\/pages"}],"about":[{"href":"https:\/\/ukglubczyce.pl\/index.php?rest_route=\/wp\/v2\/types\/page"}],"author":[{"embeddable":true,"href":"https:\/\/ukglubczyce.pl\/index.php?rest_route=\/wp\/v2\/users\/1"}],"replies":[{"embeddable":true,"href":"https:\/\/ukglubczyce.pl\/index.php?rest_route=%2Fwp%2Fv2%2Fcomments&post=96"}],"version-history":[{"count":5,"href":"https:\/\/ukglubczyce.pl\/index.php?rest_route=\/wp\/v2\/pages\/96\/revisions"}],"predecessor-version":[{"id":322,"href":"https:\/\/ukglubczyce.pl\/index.php?rest_route=\/wp\/v2\/pages\/96\/revisions\/322"}],"up":[{"embeddable":true,"href":"https:\/\/ukglubczyce.pl\/index.php?rest_route=\/wp\/v2\/pages\/61"}],"wp:featuredmedia":[{"embeddable":true,"href":"https:\/\/ukglubczyce.pl\/index.php?rest_route=\/wp\/v2\/media\/215"}],"wp:attachment":[{"href":"https:\/\/ukglubczyce.pl\/index.php?rest_route=%2Fwp%2Fv2%2Fmedia&parent=96"}],"curies":[{"name":"wp","href":"https:\/\/api.w.org\/{rel}","templated":true}]}}