{"id":98,"date":"2016-07-01T00:14:07","date_gmt":"2016-07-01T00:14:07","guid":{"rendered":"http:\/\/ukglubczyce.pl\/?page_id=98"},"modified":"2016-12-28T19:25:43","modified_gmt":"2016-12-28T19:25:43","slug":"misja","status":"publish","type":"page","link":"https:\/\/ukglubczyce.pl\/?page_id=98","title":{"rendered":"Misja"},"content":{"rendered":"<div id=\"pl-98\"  class=\"panel-layout\" ><div id=\"pg-98-0\"  class=\"panel-grid panel-no-style\" ><div id=\"pgc-98-0-0\"  class=\"panel-grid-cell\" ><div id=\"panel-98-0-0-0\" class=\"so-panel widget widget_sow-image panel-first-child\" data-index=\"0\" ><div\n\t\t\t\n\t\t\tclass=\"so-widget-sow-image so-widget-sow-image-default-c4f6304fc136-98\"\n\t\t\t\n\t\t>\n\n<div class=\"sow-image-container\">\n\t\t<img src=\"https:\/\/i0.wp.com\/ukglubczyce.pl\/wp-content\/uploads\/2016\/12\/banner7b.jpg?fit=1900%2C600&amp;ssl=1\" width=\"1900\" height=\"600\" srcset=\"https:\/\/i0.wp.com\/ukglubczyce.pl\/wp-content\/uploads\/2016\/12\/banner7b.jpg?w=1900&amp;ssl=1 1900w, https:\/\/i0.wp.com\/ukglubczyce.pl\/wp-content\/uploads\/2016\/12\/banner7b.jpg?resize=300%2C95&amp;ssl=1 300w, https:\/\/i0.wp.com\/ukglubczyce.pl\/wp-content\/uploads\/2016\/12\/banner7b.jpg?resize=768%2C243&amp;ssl=1 768w, https:\/\/i0.wp.com\/ukglubczyce.pl\/wp-content\/uploads\/2016\/12\/banner7b.jpg?resize=1024%2C323&amp;ssl=1 1024w, https:\/\/i0.wp.com\/ukglubczyce.pl\/wp-content\/uploads\/2016\/12\/banner7b.jpg?w=1280&amp;ssl=1 1280w\" alt=\"\" loading=\"lazy\" \t\tclass=\"so-widget-image\"\/>\n\t<\/div>\n\n<\/div><\/div><div id=\"panel-98-0-0-1\" class=\"so-panel widget widget_sow-editor panel-last-child\" data-index=\"1\" ><div\n\t\t\t\n\t\t\tclass=\"so-widget-sow-editor so-widget-sow-editor-base\"\n\t\t\t\n\t\t>\n<div class=\"siteorigin-widget-tinymce textwidget\">\n\t<h3 align=\"justify\">Zadbana i funkcjonalna przestrze\u0144 miejska<\/h3>\n<hr \/>\n<h4 align=\"justify\">Otoczenie w jakim funkcjonuje\u00a0\u017cycie miejskie - ma dla nas znaczenie.<\/h4>\n<p align=\"justify\">Nasza misja to\u00a0bie\u017c\u0105ce zaspokajanie zbiorowych potrzeb ludno\u015bci w drodze \u015bwiadczenia us\u0142ug powszechnie dost\u0119pnych w dziedzinie gospodarki komunalnej i gospodarki odpadami.<\/p>\n<p align=\"justify\">Spe\u0142niamy\u00a0wymagania swoich klient\u00f3w w spos\u00f3b nowoczesny, bezpieczny i sprzyjaj\u0105cy ochronie \u015brodowiska.<\/p>\n<\/div>\n<\/div><\/div><\/div><\/div><\/div>","protected":false},"excerpt":{"rendered":"<p>Zadbana i funkcjonalna przestrze\u0144 miejskaOtoczenie w jakim funkcjonuje\u00a0\u017cycie miejskie &#8211; ma dla nas znaczenie.Nasza misja to\u00a0bie\u017c\u0105ce zaspokajanie zbiorowych potrzeb ludno\u015bci w drodze \u015bwiadczenia us\u0142ug powszechnie dost\u0119pnych w dziedzinie gospodarki komunalnej i gospodarki odpadami.Spe\u0142niamy\u00a0wymagania swoich klient\u00f3w w spos\u00f3b nowoczesny, bezpieczny i sprzyjaj\u0105cy ochronie \u015brodowiska.<\/p>\n","protected":false},"author":1,"featured_media":216,"parent":61,"menu_order":0,"comment_status":"closed","ping_status":"closed","template":"","meta":{"jetpack_post_was_ever_published":false,"footnotes":""},"jetpack_sharing_enabled":true,"jetpack_shortlink":"https:\/\/wp.me\/P7wYTQ-1A","_links":{"self":[{"href":"https:\/\/ukglubczyce.pl\/index.php?rest_route=\/wp\/v2\/pages\/98"}],"collection":[{"href":"https:\/\/ukglubczyce.pl\/index.php?rest_route=\/wp\/v2\/pages"}],"about":[{"href":"https:\/\/ukglubczyce.pl\/index.php?rest_route=\/wp\/v2\/types\/page"}],"author":[{"embeddable":true,"href":"https:\/\/ukglubczyce.pl\/index.php?rest_route=\/wp\/v2\/users\/1"}],"replies":[{"embeddable":true,"href":"https:\/\/ukglubczyce.pl\/index.php?rest_route=%2Fwp%2Fv2%2Fcomments&post=98"}],"version-history":[{"count":16,"href":"https:\/\/ukglubczyce.pl\/index.php?rest_route=\/wp\/v2\/pages\/98\/revisions"}],"predecessor-version":[{"id":360,"href":"https:\/\/ukglubczyce.pl\/index.php?rest_route=\/wp\/v2\/pages\/98\/revisions\/360"}],"up":[{"embeddable":true,"href":"https:\/\/ukglubczyce.pl\/index.php?rest_route=\/wp\/v2\/pages\/61"}],"wp:featuredmedia":[{"embeddable":true,"href":"https:\/\/ukglubczyce.pl\/index.php?rest_route=\/wp\/v2\/media\/216"}],"wp:attachment":[{"href":"https:\/\/ukglubczyce.pl\/index.php?rest_route=%2Fwp%2Fv2%2Fmedia&parent=98"}],"curies":[{"name":"wp","href":"https:\/\/api.w.org\/{rel}","templated":true}]}}